{"id":34456,"date":"2025-01-16T08:42:46","date_gmt":"2025-01-16T08:42:46","guid":{"rendered":"https:\/\/www.lfild.ma\/ledetroit\/?page_id=34456"},"modified":"2026-04-03T07:20:34","modified_gmt":"2026-04-03T07:20:34","slug":"club-journal","status":"publish","type":"page","link":"https:\/\/www.lfild.ma\/ledetroit\/club-journal\/","title":{"rendered":"Club Journal"},"content":{"rendered":"\n\t<section class=\"section\" id=\"section_1971916379\">\n\t\t<div class=\"bg section-bg fill bg-fill  bg-loaded\" >\n\n\t\t\t\n\t\t\t<div class=\"section-bg-overlay absolute fill\"><\/div>\n\t\t\t\n\n\t\t<\/div>\n\n\t\t<div class=\"section-content relative\">\n\t\t\t\n\n\n\n<p><\/p>\n<p><\/p>\n<p>S\u00e9lectionnez la version HERACLES :<\/p>\n\n<select id=\"file-select\" onchange=\"openPDF(this.value)\">\n<option value=\"\">Version N\u00b0<\/option>\n\n<option value=\"Heracles19.pdf\">N\u00b019<\/option>\n<option value=\"HeraclesCAN2025.pdf\">CAN2025<\/option>\n<option value=\"Heracles18.pdf\">N\u00b018<\/option>\n<option value=\"Heracles17.pdf\">N\u00b017<\/option>\n<option value=\"Heracles16.pdf\">N\u00b016<\/option>\n<option value=\"Heracles15.pdf\">N\u00b015<\/option>\n<option value=\"Heracles14.pdf\">N\u00b014<\/option>\n<option value=\"Heracles13.pdf\">N\u00b013<\/option>\n<option value=\"Heracles12.pdf\">N\u00b012<\/option>\n<option value=\"Heracles11.pdf\">N\u00b011<\/option>\n<option value=\"Heracles10.pdf\">N\u00b010<\/option>\n<option value=\"Heracles09.pdf\">N\u00b009<\/option>\n<option value=\"Heracles08.pdf\">N\u00b008<\/option>\n<option value=\"Heracles07.pdf\">N\u00b007<\/option>\n<option value=\"Heracles06.pdf\">N\u00b006<\/option>\n<option value=\"Heracles05.pdf\">N\u00b005<\/option>\n<option value=\"Heracles04.pdf\">N\u00b004<\/option>\n<option value=\"Heracles03.pdf\">N\u00b003<\/option>\n<option value=\"Heracles02.pdf\">N\u00b002<\/option>\n<option value=\"Heracles01.pdf\">N\u00b001<\/option>\n<\/select>\n\n<p>\n<script>\nfunction openPDF(fileName) {\n    if (fileName) {\n\n        \/\/ dossier par d\u00e9faut\n        var folder = \"2025\/01\/\";\n\n        if (fileName === \"Heracles17.pdf\") {\n            folder = \"2025\/09\/\";\n        }\n\n        if (fileName === \"Heracles18.pdf\") {\n            folder = \"2025\/12\/\";\n        }\n\n        if (fileName === \"HeraclesCAN2025.pdf\") {\n            folder = \"2025\/12\/\";\n        }\n\n        \/\/ \ud83d\udd25 NOUVEAU : HERACLES 19\n        if (fileName === \"Heracles19.pdf\") {\n            folder = \"2026\/04\/\";\n        }\n\n        var filePath = \"https:\/\/www.lfild.ma\/ledetroit\/wp-content\/uploads\/\" + folder + fileName;\n        window.open(filePath, '_blank');\n    }\n}\n<\/script>\n<\/p>\n\n\t<div id=\"gap-740336543\" class=\"gap-element clearfix\" style=\"display:block; height:auto;\">\n\t\t\n<style>\n#gap-740336543 {\n  padding-top: 35px;\n}\n<\/style>\n\t<\/div>\n\t\n\n<div class=\"row align-middle align-center\"  id=\"row-1374520732\">\n\n\n\t<div id=\"col-141196608\" class=\"col medium-12 small-12 large-12\"  >\n\t\t\t\t<div class=\"col-inner\" style=\"background-color:rgb(255,255,255);\" >\n\t\t\t\n\t\t\t\n\n<div class=\"row row-collapse row-full-width\"  id=\"row-673228147\">\n\n\n\t<div id=\"col-1922977395\" class=\"col medium-12 small-12 large-7\"  >\n\t\t\t\t<div class=\"col-inner text-center\"  >\n\t\t\t\n\t\t\t\n\n\t<div id=\"text-2400814593\" class=\"text\">\n\t\t\n\n<div id=\"seofy_dbl_6561d6c06fd0f\" class=\"seofy_module_double_headings aleft\">\n<div class=\"heading_title\">\n<div class=\"heading_title_mobile\">\n<h3>Le Club Journal : l\u2019H\u00e9racl\u00e8s<\/h3>\n<\/div>\n<\/div>\n<\/div>\n<div class=\"seofy_module_spacing\">\u00a0<\/div>\n\t\t\n<style>\n#text-2400814593 {\n  font-size: 1.75rem;\n  line-height: 1;\n}\n<\/style>\n\t<\/div>\n\t\n\t<div id=\"text-2606974745\" class=\"text\">\n\t\t\n\n<div class=\"seofy_module_text\" style=\"text-align: left;\">\n<p><strong>Un m\u00e9dia scolaire dynamique et collaboratif<\/strong><\/p>\n<p>Fond\u00e9 en d\u00e9cembre 2016, le Club Journal, baptis\u00e9 \u00ab L\u2019H\u00e9racl\u00e8s \u00bb, rassemble entre 20 et 25 \u00e9l\u00e8ves de la 6\u1d50 \u00e0 la 3\u1d49, rejointS, de temps \u00e0 autres,\u00a0 par quelques lyc\u00e9ens freelances motiv\u00e9s. Encadr\u00e9s par deux documentalistes jouant le r\u00f4le de R\u00e9dactrices en Chef, les participants b\u00e9n\u00e9ficient \u00e9galement du soutien d\u2019un \u00e9l\u00e8ve R\u00e9dacteur en Chef adjoint. Ensemble, ils animent un projet journalistique vari\u00e9 et moderne.<\/p>\n<p><strong>Des publications riches et diversifi\u00e9es<\/strong><\/p>\n<p>L\u2019H\u00e9racl\u00e8s publie deux num\u00e9ros par an, en d\u00e9cembre et en mai. Chaque \u00e9dition propose un contenu riche, alternant actualit\u00e9s locales et internationales, vie scolaire, culture et soci\u00e9t\u00e9. Un dossier th\u00e9matique approfondi, choisi collectivement lors des conf\u00e9rences de r\u00e9daction, constitue le c\u0153ur de chaque publication. Les \u00e9l\u00e8ves participent activement \u00e0 toutes les \u00e9tapes de la cr\u00e9ation : \u00e9criture, correction, cr\u00e9ations graphiques et mise en page via Canva.<\/p>\n<p><strong>Une organisation rythm\u00e9e et conviviale<\/strong><\/p>\n<p>Le club se r\u00e9unit chaque semaine pendant une heure pour \u00e9changer des id\u00e9es, planifier les articles, et avancer sur les projets en cours. En d\u00e9but et fin d\u2019ann\u00e9e, des sorties reportage sont organis\u00e9es.\u00a0<\/p>\n<p><strong>Une pr\u00e9sence sur les r\u00e9seaux et des formats modernes<\/strong><\/p>\n<p>En plus du format papier et de sa version num\u00e9rique en PDF disponible sur le site de l\u2019\u00e9tablissement, L\u2019H\u00e9racl\u00e8s explore les m\u00e9dias modernes. Un compte Instagram (<a href=\"https:\/\/www.instagram.com\/lheracles_college\/\">https:\/\/www.instagram.com\/<wbr \/>lheracles_college\/<\/a>) et une cha\u00eene YouTube (<a href=\"https:\/\/www.youtube.com\/@H%C3%A9racl%C3%A8sColl%C3%A8ge\">https:\/\/www.youtube.com\/@H%<wbr \/>C3%A9racl%C3%A8sColl%C3%A8ge<\/a>) permettent de partager des contenus multim\u00e9dias vari\u00e9s : interviews vid\u00e9o, reportages, et plus encore. La gestion de ces plateformes est confi\u00e9e \u00e0 deux \u00e9l\u00e8ves passionn\u00e9s par le montage vid\u00e9o et la cr\u00e9ation digitale, sous la supervision d\u2019une documentaliste. Cette approche enrichit les comp\u00e9tences techniques des \u00e9l\u00e8ves tout en donnant une touche moderne au projet journalistique.<\/p>\n<p>Rejoindre le Club Journal, c\u2019est vivre une exp\u00e9rience enrichissante et cr\u00e9ative, tout en contribuant activement \u00e0 la vie de l\u2019\u00e9tablissement et \u00e0 la valorisation des talents de chacun.<\/p>\n<\/div>\n\t\t\n<style>\n#text-2606974745 {\n  line-height: 1.6;\n}\n<\/style>\n\t<\/div>\n\t\n\n\t\t<\/div>\n\t\t\t\t\n<style>\n#col-1922977395 > .col-inner {\n  padding: 20px 7% 20px 7%;\n}\n@media (min-width:550px) {\n  #col-1922977395 > .col-inner {\n    padding: 40px 10% 40px 10%;\n  }\n}\n@media (min-width:850px) {\n  #col-1922977395 > .col-inner {\n    padding: 0px 10% 0px 10%;\n  }\n}\n<\/style>\n\t<\/div>\n\n\t\n\n\t<div id=\"col-283375252\" class=\"col medium-12 small-12 large-5 medium-col-first\"  >\n\t\t\t\t<div class=\"col-inner\"  >\n\t\t\t\n\t\t\t\n\n\t<div class=\"img has-hover x md-x lg-x y md-y lg-y\" id=\"image_598833703\">\n\t\t<a class=\"\" href=\"https:\/\/www.lfild.ma\/ledetroit\/wp-content\/uploads\/2025\/12\/Heracles18.pdf\"  >\t\t\t\t\t\t<div class=\"img-inner dark\" >\n\t\t\t<img loading=\"lazy\" decoding=\"async\" width=\"724\" height=\"1024\" src=\"https:\/\/www.lfild.ma\/ledetroit\/wp-content\/uploads\/2026\/04\/Heracles19-724x1024.png\" class=\"attachment-large size-large\" alt=\"\" srcset=\"https:\/\/www.lfild.ma\/ledetroit\/wp-content\/uploads\/2026\/04\/Heracles19-724x1024.png 724w, https:\/\/www.lfild.ma\/ledetroit\/wp-content\/uploads\/2026\/04\/Heracles19-212x300.png 212w, https:\/\/www.lfild.ma\/ledetroit\/wp-content\/uploads\/2026\/04\/Heracles19-768x1086.png 768w, https:\/\/www.lfild.ma\/ledetroit\/wp-content\/uploads\/2026\/04\/Heracles19-1086x1536.png 1086w, https:\/\/www.lfild.ma\/ledetroit\/wp-content\/uploads\/2026\/04\/Heracles19-1448x2048.png 1448w, https:\/\/www.lfild.ma\/ledetroit\/wp-content\/uploads\/2026\/04\/Heracles19-scaled.png 1810w\" sizes=\"auto, (max-width: 724px) 100vw, 724px\" \/>\t\t\t\t\t\t\n\t\t\t\t\t<\/div>\n\t\t\t\t\t\t<\/a>\t\t\n<style>\n#image_598833703 {\n  width: 100%;\n}\n<\/style>\n\t<\/div>\n\t\n\n\n  <div class=\"banner has-hover is-full-height\" id=\"banner-1125284598\">\n          <div class=\"banner-inner fill\">\n        <div class=\"banner-bg fill\" >\n            <div class=\"bg fill bg-fill \"><\/div>\n                                    \n                    <\/div>\n        <div class=\"banner-layers container\">\n            <div class=\"fill banner-link\"><\/div>            \n\n\n        <\/div>\n      <\/div>\n\n            \n<style>\n#banner-1125284598 {\n  padding-top: 100%;\n  background-color: rgb(255,255,255);\n}\n#banner-1125284598 .bg.bg-loaded {\n  background-image: 33312;\n}\n#banner-1125284598 .bg {\n  background-position: 29% 55%;\n}\n<\/style>\n  <\/div>\n\n\n\n\t\t<\/div>\n\t\t\t\t\t<\/div>\n\n\t\n\n<\/div>\n\n\t\t<\/div>\n\t\t\t\t\t<\/div>\n\n\t\n\n<\/div>\n\n\t\t<\/div>\n\n\t\t\n<style>\n#section_1971916379 {\n  padding-top: 0px;\n  padding-bottom: 0px;\n  margin-bottom: 15px;\n  min-height: 0px;\n}\n#section_1971916379 .section-bg-overlay {\n  background-color: rgba(255, 255, 255, 0.5);\n}\n<\/style>\n\t<\/section>\n\t\n\n","protected":false},"excerpt":{"rendered":"","protected":false},"author":2,"featured_media":0,"parent":0,"menu_order":0,"comment_status":"closed","ping_status":"closed","template":"","meta":{"footnotes":""},"class_list":["post-34456","page","type-page","status-publish","hentry"],"_links":{"self":[{"href":"https:\/\/www.lfild.ma\/ledetroit\/wp-json\/wp\/v2\/pages\/34456","targetHints":{"allow":["GET"]}}],"collection":[{"href":"https:\/\/www.lfild.ma\/ledetroit\/wp-json\/wp\/v2\/pages"}],"about":[{"href":"https:\/\/www.lfild.ma\/ledetroit\/wp-json\/wp\/v2\/types\/page"}],"author":[{"embeddable":true,"href":"https:\/\/www.lfild.ma\/ledetroit\/wp-json\/wp\/v2\/users\/2"}],"replies":[{"embeddable":true,"href":"https:\/\/www.lfild.ma\/ledetroit\/wp-json\/wp\/v2\/comments?post=34456"}],"version-history":[{"count":26,"href":"https:\/\/www.lfild.ma\/ledetroit\/wp-json\/wp\/v2\/pages\/34456\/revisions"}],"predecessor-version":[{"id":34728,"href":"https:\/\/www.lfild.ma\/ledetroit\/wp-json\/wp\/v2\/pages\/34456\/revisions\/34728"}],"wp:attachment":[{"href":"https:\/\/www.lfild.ma\/ledetroit\/wp-json\/wp\/v2\/media?parent=34456"}],"curies":[{"name":"wp","href":"https:\/\/api.w.org\/{rel}","templated":true}]}}