{"id":34282,"date":"2025-01-13T08:40:08","date_gmt":"2025-01-13T08:40:08","guid":{"rendered":"https:\/\/lfild.ma\/ledetroit\/?page_id=34282"},"modified":"2025-01-13T08:43:39","modified_gmt":"2025-01-13T08:43:39","slug":"tarifs","status":"publish","type":"page","link":"https:\/\/www.lfild.ma\/ledetroit\/tarifs\/","title":{"rendered":"Tarifs"},"content":{"rendered":"\n\n\n\n<figure class=\"wp-block-table\"><table class=\"has-fixed-layout\"><tbody><tr><td class=\"has-text-align-center\" data-align=\"center\"><img decoding=\"async\" src=\"data:image\/png;base64,iVBORw0KGgoAAAANSUhEUgAAAIcAAAByCAIAAAD22lX3AAAQ6ElEQVR4Ae2dCVRbV3rHr3dPkmZzmsSZZJJ0Jp30tDM9dTo5zclk0pn2OE06maTJaSeZ02nOSbM0YBswQhtoAWOGcTa72MZGAm1IQhuSWMxqg20wNqtxgJh9cTA7GLGvt7nvCUkIIZD0JN1pXo5PzntPb7nv\/7vf\/e793r0fANL\/4acAwK9IdIkgTQXHSkBToangqACOZaJthaaCowI4lom2FZoKjgrgWCbaVmgqOCqAY5loW6Gp4KgAjmWibYWmgqMCOJaJthWaCo4K4Fgm2lZoKj4rMD47f3NwvKDldvLVlsTSxjPXWi92Dk7MLfh8Y7xugK+tTM4ttA5bLrT3iyrbmOdq35Jf3Hfi3MNxui1MBYjWAb4RCExAYATR2u8nmMKyazpHJvCS1ofSYEFlen6xc3TyYseApLqdm1\/3W+XlnyXl7T2i38ZKB9FaAoAR8Axom60GzHQQpQBR8pV\/CsBRA6H53lhDckWzD1JgdGmgqcwtLvXcmSrvGlLUdggK63+nLnvhVP7jRw07OUrA1QB+Jqr+vEwEgKMGLCcANhJrN2QkG15+HUbqeluUQFCZmV\/U3uj5MLPypeTCJxMyd3NVgJNhBcDPRM0RAqAETEcLWKv7Jo6wlEBgklW1easGLtf5nUp6beczn+dYW6EYHeJBCQB7C7aaFke9k6etuTWMi8BelcOPVJYh\/EB\/FfnkaO2KD1it4HrK+nRcBmL0TyWaRqfnvBIEi4v8SOXfFRdBbDYF7ZKnkBgyIDD9i\/g8FgJ7VQh\/UYkvvoGQeCoohecLzezcGq80Cf5FfqHSPTa5g6sCbFUwqTDTAc+gre8Mvsael8AvVGLy64DQHEwkpM1xMu7i6xr6xjyXJchXUE9lbnHpB0f1aPBBYXPk5a1kgKf\/8WfZf3IhGeqpmBtvobGIlzpS3UljyIDQ9Ka0JMiV38PHU0\/ltdRiNDjHhApZDKE5tvC6h8oE83SKqXSMTGznqIhICdW13hfMLCWI0Wc19ARTaU+eTTEVfsF1NGz0RUE\/XcvV3CvUtw6NeyJO0M6lkso8Rn5+jaUyZIBn+MkXOTMLi0ETe9MPppJKVuMtFG\/3U2Wn4LYyIDS\/q7y0aXGCdiKVVP419TxGva\/1KArNn5Y2BE3vzT2YMiqY+vm1bFhKEK0tarm9OX2CcxZlVASF14EQSz+\/FgxXuyfO0D2K7xdlaqjMLy49lWDAYzy\/xs+vpcKQAX7mz5Ly5heXgmMLGz2VGirZTZj5+QNiECoCkTJ3XQ+h+X1t+Ub6BOd3aqj8Og0nPx8pfUVc\/K7y8i52ujswTAUQmE6WfR0c4d0+lQIqnaMTKG6PZj5sovXw9zkHxPtTishXRkPakBR3pWKrtkZrqr8ZcStREH6kgIrQvZ9nyMChVBAiQgKFiMDB1HXrb7gENTvotBRwQAwOS+2CMuUgLA1dHi4BTAf29uNp1uMHRG9IrLHIP5Y0bEAlCjmYF0\/mBUF4t4\/0lYo7P09KFpa273jOB7oKZm7NJ5nXfn4qH0RKERtHcRkyECp66qjhP9VlzNyaMHPVflHR99jpCCd5WoTk747nhBqv\/TDRCCIkdloRkr\/5PCvUeO3Hx0zW4wzZtij5f2WUR2RV3c9Tr0Lr0kyZCsDVVGE2+8JXKjlN37gezzPl4FDqE3G6vJu9TtXiWvfQc19kI2sgFWfIwcFUbm7t1OqJqa1DlhdO5CITOSy9L1o1MoVmR1T1DCP1GYQbj5TtYim6RychhG3Dlp1RcmSFTAWyp1ARIorYb2I2k9AkLKx3KmRwd32l8vp6fj5Ceh9H2Txkcfl647Pzz\/whEykeJQeh4t+m26MgY9Nzkyt4SjsGkL7hkseO6GfnUS+2ZdAComTWNvCw9F5eBklreGrunhjCMsIlf3HUcL13tHts8hVRMWLj0kQcD\/IMv1lp9FyWNvAHfaLSNTq5A8XtlS7ePCQltugG+T49d6bekZf+NNH42pnCmhXXaviqB5kL4XVK2\/vJM1m5tXvY6Y8JNR\/pKwpbbr+nKQeH0kCE5NE43eQsmuLd2H8HXUJ2eQ9L\/yxGPTAxAyHss8zcHa1C7VWI6PfqMvJuZypawCdnXZTNEUmUHETr\/uHkucBL7+aJPlGJK77hejzPkG2JlDb034EQLi0vv3S6APz3aWQZH53ZG6cbn5mHEE7OLewRakA4aqCaBtCZEMKffpEN3ksC\/3MWfJKCeIQRPtwjKqGid1Ys7\/jlrzfy9kTHIVr3\/P\/+f6GysLT89Hrj+QjJgwLNHUL93vHpbSwF8vBkDT0otlnGcydyUQtzQGxuvEVSGZiY+byk4eWTeTuYCtTjYhCq+ZsKz\/CquJgsACb\/995Wcr9ex89HyUGE5JFYHTmHoW14YhtTYe8NH0rNvfkN+fIvnspDDjks7a+PmfqIhsgmys2B8ffUZeCgGLH0NxWhiV+A1\/dj76m8IS1ZN25PUiE8QeuwZRuT6B2RtrKWChP1wR6P05241NS1OmL4vqYc+Z4Iyd443RRxt6\/6xhDgFb9yT7Sq34L8Sr9l5h7Sr3jagjHTt7BVX2E2O8lLKn2Wmd1cpWs\/T9TuBwUa0n\/0jk9vZSrs44YD4osrvv3vyRYsSo5+PSAGIaLdrPR\/Pp1va9DaRya2R6Hx40NC7QRBpX1kAjWGJJUIyd3RqjFiPnHv+PQurhLdx1MqPMPLyfk2G8Vkw0sqeTd7QYx+3e4NQ7Y1UtZIePvlZfha6nnw\/imk+wfJP0w0ki3b1NzCHoEGREgB6uCqHxRokCM5lAo+PgM+Pnv99iiEcGJu4UGhFoSnbWPImgfRJ\/fFpeWXk4m+Q4gIvH\/qP1Yc+9XuITRMIUajnnl7vlFVh938Si+ppFa2rtt8kS1VSErMSmP97RCEkVW1\/3T+hxnl7Svr5DLquxCncMnjR3S949ODEzMfaq88IdQ+wFX+Y3IB2d9FFkBGGENSEi5YPyB+O9lekFf3O2lJQvEN28AzIrva2t3yyFY4GY\/E6abmsVtW6Tcqh6V3MxVVK6MTp5ahd3z6B3E61PENT\/vRHzJtv87ML45Mztp2Y4vq0SgSNYnS+7nKm4S52H61bVTeGt5NNoNoTGofr5y+0rxBz1hgisiqst0Hnw0vqaAOmJsWLEqOoilhafdzVaKrLaSDId95dmHRcKP76Xi9PRQWlvbSybxL7QOOokzNLXxe2rg1QmJ1IUT8Zq9Ao6vvWliyf6qaWViUVbU9wFVZwwRRcnBQ\/MvkAvJWrNwaK1SnYSO5y0zfwlE39OM4C9lLKp2jk2gpqfvoPRN1akGo+NFY7a\/OFv6brHS\/qBh9siR6w6uikwdRU\/bsMfOb0pLfq8tel1x4Il4PQsX2UQ6JOTwNHEz9UaKRPO03khJ0N6KTtupuh6W\/Olv4trx0B0thjZi5pMLT\/+I0dn6erE9eUoEQPnc8ZwNzsWkRIUEjj1AR6Uhc9xEYMlTfQzc6LUqOwgEbnkY+jgxi2orhtME3KvHz875SEVe2AmGWa4md3h\/DXY764VitLQzq2HjisO29rSwsLSFz4We6ayUw5EEWSWAK99bPW2YXRvy86NJ7KuRXjfuEmCxVcfhAuWFVsPp5a0jUjXFMzS+2j0yWtA+IK9vYeXVvKy7uO5H7cKzuAaH2+VOFJ6+0uLnWl598ogIhzGm6BWJ06w7yNxQoKCfw9C+dcvFVuGts6nLnoKymI6ag\/h3V5eeT8h6L129nu8qPwVaht47LfjX1wsLSsi8AXF7rKxUI4ZGieizW220esMCYXtvhKIf6eue+pIJd0Rmr82OQ6Rnc5seIy\/5Ad8XxVpRsU0AFQviWrBQIzH8aDoaj\/nOhxtHPx+TVoloVo0cd\/c18UXbET0xfOl1+kxIYtptQQ2Vidv7Zz7LRB3z3nVHH9wnWtsAUZq60vX9Ry22UN8Pl59RNlpCYvlTWsWoUbLu\/dxvUUIEQNvXfuVtAJATZ5MsE5TRmOmCrbhChT1Kv\/SlFGwT0Ni6nDETr9h419lumvWOw9irKqEAIdfWdyFzcD\/g3fklPelOe3o2n\/7mDn28btmznkpmVfHsomrhs\/EVyAVV+n0oqEEIu2UZ7KlbAzhcY5dXttrpJ5AWgbh2BMOug6Zrt5r5sUEwFQvhq6nm0NBJDB8NRPyTUTMyiuRwQwrnFJRRtozAvAFMB+EZJZasvPMhrqacyNj339B+JLk2U2ynxAbMP24MEpkMmu583NfT47FHWtHtEHqxqn2diUk8FQljXO7KLRyTDsykS9A3k59U3HL7Pvyr2R14AGYjRPZloGpmyfyXywnT8QgVCKK9uQzUR5YhcU6GCciRG\/6LDVLz2YYu\/8gIQebD2i3yayuQvKhDCcHMlRmN+vlFWbc98yEP5f6jz82vrWWyWwIdsGH6kAiH85dlClN0z6J6fo94j0Nhy7AQi\/w9H\/T2uipx9gFELRhZlcGLm+wlGlO8zmJ5fBmKzIrOrbeqYG3tcryNYW+V9OcIzZDdZ5yPaHr3JDf\/aCoSwomtwW7QmeBnckPt9NN4w7OB+XxMXU9\/7WsuPnyn1Nlus36lACM9WNKN2zNPA39r39PQIQwaitTt5uksd1jn\/EEI08y8w+X+idSVtfZs0DqfTAkHl25UMH+srAu35iWjuQ\/HGouZVy5pQXoAA5P\/hap5OMMx6mzMmQFQWl5ZfOJWPorP+8\/xMBQr9cjLQ9yiBCXC1b6WXdQw7L2tCS40CkGxGaIot8n79WICoQAi\/uTP5cHwmkowCz69AMVCOGvUjeEQSd34m4Gp2cpRPJGS+mFwYkVt3pXvIqVkgdwNBhaXcwVF1EUsDXZZhw4OBowIhLOscuEug97CqEgDYapSqmmdA\/gklcdduZ6c\/Fq9\/PinvHdXlmILr0ur2S50DXWOTGyaaisyu9ntbys98Pe3ChtK7OSGgVCCEV7sG\/+rLc2jKElfjwv8T3z8cAKA\/5LGVlf5InG7fidy3FRdZ52rFlW0l7QPtIxNT895k+mroH0MdQr9m9eUZcrztE5OoAk0FQjg1N59Y2vTMZzlIffJvqCALMKLGjal4KFb3t1\/mvCEtjcypSa5oKWzpax6yWIhlEm4ql0c\/fVra4Edz4WqeSjD4mCEmCFRIBecXly53DR0vbz6cU8PIrU0qv5nXfLtpYHyMWLfnkcpenPyu8hIBxg9RbSrWiQeNihdSUnjJ9PzCT77MQY6K2j4hK30HV925esWaF8X+jlKBELYOW+6lfIohP\/PXaRT81YTvLhUIYVZjD3JmvkxwcQo3oNiXdT20FyZiu+Q7TQVCGItSA1GU0p+refKo3kc\/T4L5rlOBEL4pLaFmooHQLKAoHwxNBa2J\/ctPswBP71PQga3awlL67udpW7E147Chb+wuvg9TDNkqEJdDYSp+2lasbDTXO1FIbTNTDJkKFBrgatDUZL4RCM27+bojxdZUQnbUPmzRVOzioSmGcTko6GnrWZFxaG6GFQD6W5Z6wFLex9c8+1nWK+LzIabKpIrW1jWRaftNvdqiqaySLbGkYU88Ef4RmNAYk626JybjmWPmf0op+shw9VhpY2ZDT93t0cHJ2WWqZq+uer51h6birMrAxIzuq56kilZNfXfVrZE+y4wflg05P9Rpn6biJAgWuzQVLDA4FYKm4iQIFrs0FSwwOBWCpuIkCBa7NBUsMDgVgqbiJAgWuzQVLDA4FYKm4iQIFrs0FSwwOBWCpuIkCBa7NBUsMDgVgqbiJAgWuzQVLDA4FYKm4iQIFrs0FSwwOBWCpuIkCBa7NBUsMDgV4v8Av5yp\/93oc6EAAAAASUVORK5CYII=\" alt=\"\"><\/td><td><strong>MODALITES DE PAIEMENT<\/strong> <strong>DROITS DE SCOLARITE ET DROITS D&rsquo;INSCRIPTION<\/strong> <strong>2024\/2025<\/strong><strong><\/strong><\/td><\/tr><\/tbody><\/table><\/figure>\n\n\n\n<figure class=\"wp-block-table\"><table class=\"has-fixed-layout\"><tbody><tr><td>DROITS D\u2019INSCRIPTION&nbsp;&nbsp; (de la Petite section \u00e0 la Terminale)<\/td><td><strong>25.000dhs<\/strong><\/td><\/tr><tr><td><strong>DROITS D\u2019INSCRIPTION&nbsp; FRATRIE<\/strong><\/td><td><strong>16.000 Dhs<\/strong><\/td><\/tr><\/tbody><\/table><\/figure>\n\n\n\n<p><strong>&nbsp;&nbsp; Droits d&rsquo;inscription :<\/strong><strong>.<\/strong><strong><\/strong><\/p>\n\n\n\n<p><strong>LES DROITS D\u2019INSCRIPTION SONT \u00c0 PAYER AU MOMENT DE L\u2019INSCRIPTION UNIQUEMENT PAR CH\u00c8QUE<\/strong><\/p>\n\n\n\n<p><strong>AU NOM DE <\/strong><strong><u>\u00ab&nbsp;OSUI LE DETROIT\u00bb<\/u><\/strong><strong> ET NE SONT PAS REMBOURSABLES.<\/strong><\/p>\n\n\n\n<p><strong>LE DROIT DE PREMI\u00c8RE INSCRIPTION N\u2019EST PAS REMBOURSABLE ET EST R\u00c9GI PAR LES DISPOSITIONS DE L\u2019ARTICLE 71<\/strong><\/p>\n\n\n\n<p><strong>ET 230 DU DAHIR FORMANT CODE DES OBLIGATIONS ET CONTRATS.&nbsp;&nbsp;<\/strong><\/p>\n\n\n\n<figure class=\"wp-block-table\"><table class=\"has-fixed-layout\"><tbody><tr><td><strong><br>P\u00e9riode<\/strong><\/td><td><strong>Date de limite de versement<\/strong><\/td><td><strong>Majoration de retard de paiement de&nbsp; 5% appliqu\u00e9e le<\/strong><\/td><td><strong>Date \u00e0 partir de laquelle l\u2019\u00e9l\u00e8ve<br>ne sera pas admis en cours<\/strong><\/td><\/tr><tr><td>1<sup>er<\/sup> trimestre&nbsp;&nbsp;&nbsp; &nbsp;:&nbsp;&nbsp; Septembre \u00e0 D\u00e9cembre 2024<\/td><td><strong>05\/10\/24<\/strong><\/td><td><strong>08\/10\/24<\/strong><\/td><td><strong>15\/10\/24<\/strong><\/td><\/tr><tr><td><strong>2<sup>\u00e8me<\/sup> trimestre&nbsp;&nbsp; :&nbsp;&nbsp; Janvier \u00e0 Mars 2025<\/strong><\/td><td><strong>04\/02\/25<\/strong><\/td><td><strong>05\/02\/25<\/strong><\/td><td><strong>14\/02\/25<\/strong><\/td><\/tr><tr><td><strong>3<sup>\u00e8me<\/sup> trimestre&nbsp;&nbsp; :&nbsp;&nbsp; Avril \u00e0 Juin 2025<\/strong><\/td><td><strong>09\/05\/25<\/strong><\/td><td><strong>10\/05\/25<\/strong><\/td><td><strong>19\/05\/25<\/strong><\/td><\/tr><\/tbody><\/table><\/figure>\n\n\n\n<p><strong>&nbsp; Date des \u00e9ch\u00e9ances des droits de scolarit\u00e9&nbsp;:<\/strong><strong><\/strong><\/p>\n\n\n\n<p><strong>&nbsp;&nbsp; Droits de scolarit\u00e9 &#8211; Tarifs annuels&nbsp;2024\/2025 :<\/strong><strong> <\/strong><strong><\/strong><\/p>\n\n\n\n<figure class=\"wp-block-table\"><table class=\"has-fixed-layout\"><tbody><tr><td><strong>Degr\u00e9s<\/strong><\/td><td><strong>Droits de scolarit\u00e9 annuels<\/strong> <strong>&nbsp;<\/strong><\/td><\/tr><tr><td><strong>&nbsp; PRE-ELEMENTAIRE<\/strong><\/td><td><strong>45.220 Dhs<\/strong><\/td><\/tr><tr><td><strong>&nbsp; ELEMENTAIRE<\/strong><\/td><td><strong>46 820 Dhs<\/strong><\/td><\/tr><tr><td><a><\/a><strong>&nbsp; COLLEGE<\/strong><\/td><td><strong>49 990 Dhs<\/strong><\/td><\/tr><tr><td><strong>&nbsp; LYCEE<\/strong><\/td><td><strong>66 120 Dhs<\/strong><\/td><\/tr><\/tbody><\/table><\/figure>\n\n\n\n<p>Le paiement des droits de scolarit\u00e9 se fait en 3 termes in\u00e9gaux&nbsp;: <strong>4\/10\u00e8me<\/strong>, <strong>3\/10\u00e8me<\/strong> et <strong>3\/10\u00e8me<\/strong> du montant annuel, avant le 08 octobre pour le 1er terme, le 04 f\u00e9vrier pour le 2nd terme et le 12 mai pour le 3\u00e8me terme.<\/p>\n\n\n\n<h2 class=\"wp-block-heading\">\u25cf&nbsp;&nbsp;&nbsp;&nbsp;&nbsp;&nbsp;&nbsp;&nbsp; Forfait parents sur facture du 1er trimestre : 1200dhs en maternelle, 800 dhs en \u00e9l\u00e9mentaire et au secondaire.<\/h2>\n\n\n\n<ul class=\"wp-block-list\">\n<li>Une r\u00e9duction de 20% sur les droits de scolarit\u00e9 sur le 3\u00e8me enfant et une de 40% sur le 4\u00e8me et suivant, est accord\u00e9e.<\/li>\n<\/ul>\n\n\n\n<p><strong>&nbsp; Modalit\u00e9s de paiement&nbsp;:<\/strong><strong> .<\/strong><strong><\/strong><\/p>\n\n\n\n<figure class=\"wp-block-table\"><table class=\"has-fixed-layout\"><tbody><tr><td><br>Les factures trimestrielles sont&nbsp;mises en ligne sur le portail \u00ab\u00a0Eduka\u00a0\u00bb. MERCI DE GARDER LES JUSTIFICATIFS DE VOS PAIEMENTS. Aucun duplicata de facture ne peut \u00eatre d\u00e9livr\u00e9. &nbsp; \ud83e\udc6a R\u00e8glement en ligne via le portail EDUKA. Merci d\u2019acc\u00e9der au portail via le lien&nbsp;: <a href=\"https:\/\/osui.eduka.school\/login\">https:\/\/osui.eduka.school\/login<\/a><br>\ud83e\udc6a R\u00e8glement par ch\u00e8que : Libell\u00e9 en DHS \u00e0 l&rsquo;ordre de : OSUI LE DETROIT<br>PAIEMENT UNIQUEMENT AU SERVICE COMPTABILITE en p\u00e9riode scolaire du lundi au vendredi de&nbsp; 8h30 \u00e0 12h00.<br>JOINDRE OBLIGATOIREMENT L\u2019AVIS DE PAIEMENT A TOUT REGLEMENT. Au-del\u00e0 de la date limite de paiement de chaque trimestre, les r\u00e8glements se feront uniquement en esp\u00e8ces aupr\u00e8s de notre agence CDM ou via paiement en ligne (EDUKA). \ud83e\udc6a R\u00e8glement en esp\u00e8ces : Tout r\u00e8glement de facture en esp\u00e8ces sera obligatoirement vers\u00e9 aupr\u00e8s de l\u2019agence&nbsp; Cr\u00e9dit Du Maroc, angle avenue Mohamed V et Moussa Bnou Noussair&nbsp; TANGER. JOINDRE OBLIGATOIREMENT L\u2019AVIS DE PAIEMENT A TOUT REGLEMENT. &nbsp;&nbsp;&nbsp;<\/td><\/tr><\/tbody><\/table><\/figure>\n\n\n\n<p>:<\/p>\n\n\n\n","protected":false},"excerpt":{"rendered":"","protected":false},"author":2,"featured_media":0,"parent":0,"menu_order":0,"comment_status":"closed","ping_status":"closed","template":"","meta":{"footnotes":""},"class_list":["post-34282","page","type-page","status-publish","hentry"],"_links":{"self":[{"href":"https:\/\/www.lfild.ma\/ledetroit\/wp-json\/wp\/v2\/pages\/34282","targetHints":{"allow":["GET"]}}],"collection":[{"href":"https:\/\/www.lfild.ma\/ledetroit\/wp-json\/wp\/v2\/pages"}],"about":[{"href":"https:\/\/www.lfild.ma\/ledetroit\/wp-json\/wp\/v2\/types\/page"}],"author":[{"embeddable":true,"href":"https:\/\/www.lfild.ma\/ledetroit\/wp-json\/wp\/v2\/users\/2"}],"replies":[{"embeddable":true,"href":"https:\/\/www.lfild.ma\/ledetroit\/wp-json\/wp\/v2\/comments?post=34282"}],"version-history":[{"count":3,"href":"https:\/\/www.lfild.ma\/ledetroit\/wp-json\/wp\/v2\/pages\/34282\/revisions"}],"predecessor-version":[{"id":34286,"href":"https:\/\/www.lfild.ma\/ledetroit\/wp-json\/wp\/v2\/pages\/34282\/revisions\/34286"}],"wp:attachment":[{"href":"https:\/\/www.lfild.ma\/ledetroit\/wp-json\/wp\/v2\/media?parent=34282"}],"curies":[{"name":"wp","href":"https:\/\/api.w.org\/{rel}","templated":true}]}}