{"id":34254,"date":"2025-01-13T07:32:41","date_gmt":"2025-01-13T07:32:41","guid":{"rendered":"https:\/\/lfild.ma\/ledetroit\/?page_id=34254"},"modified":"2025-01-20T13:42:01","modified_gmt":"2025-01-20T13:42:01","slug":"projet-decole","status":"publish","type":"page","link":"https:\/\/www.lfild.ma\/ledetroit\/projet-decole\/","title":{"rendered":"Projet d\u2019\u00e9cole"},"content":{"rendered":"\n<p>Projet d\u2019\u00e9cole 2020-2024<\/p>\n<p>Axe 1 : <a href=\"https:\/\/www.lfild.ma\/ledetroit\/wp-content\/uploads\/2025\/01\/axe-1-PE1822.pdf\">Perfectionner l\u2019apprentissage des langues et des langages<\/a><\/p>\n<p>Axe 2 : <a href=\"https:\/\/www.lfild.ma\/ledetroit\/wp-content\/uploads\/2025\/01\/axe-2-PE1822.pdf\">Accompagner l\u2019enfant dans son parcours d\u2019\u00e9l\u00e8ve<\/a><\/p>\n<p>Axe 3 : <a href=\"https:\/\/www.lfild.ma\/ledetroit\/wp-content\/uploads\/2025\/01\/axe-3-PE1822.pdf\">Am\u00e9liorer le climat scolaire pour optimiser l\u2019efficience des apprentissages<\/a><\/p>\n<p>\u00ab L\u2019\u00e9cole est un lieu de r\u00e9ussite et d\u2019\u00e9panouissement pour tous ; un lieu d\u2019\u00e9veil \u00e0 l\u2019envie et au plaisir d\u2019apprendre, \u00e0 la curiosit\u00e9 intellectuelle, \u00e0 l\u2019ouverture d\u2019esprit, un lieu o\u00f9 il soit possible d\u2019apprendre et d\u2019enseigner dans de bonnes conditions ;un lieu permettant de former des citoyens. \u00bb<br \/>Loi n\u00b0 2013-595 d\u2019orientation et de programmation pour la refondation de l\u2019Ecole de la R\u00e9publique<\/p>\n<p>Avis du Conseil d\u2019\u00e9cole n\u00b02 du 28\/03\/2020 : tr\u00e8s favorable<\/p>\n\n","protected":false},"excerpt":{"rendered":"","protected":false},"author":2,"featured_media":0,"parent":0,"menu_order":0,"comment_status":"closed","ping_status":"closed","template":"","meta":{"footnotes":""},"class_list":["post-34254","page","type-page","status-publish","hentry"],"_links":{"self":[{"href":"https:\/\/www.lfild.ma\/ledetroit\/wp-json\/wp\/v2\/pages\/34254","targetHints":{"allow":["GET"]}}],"collection":[{"href":"https:\/\/www.lfild.ma\/ledetroit\/wp-json\/wp\/v2\/pages"}],"about":[{"href":"https:\/\/www.lfild.ma\/ledetroit\/wp-json\/wp\/v2\/types\/page"}],"author":[{"embeddable":true,"href":"https:\/\/www.lfild.ma\/ledetroit\/wp-json\/wp\/v2\/users\/2"}],"replies":[{"embeddable":true,"href":"https:\/\/www.lfild.ma\/ledetroit\/wp-json\/wp\/v2\/comments?post=34254"}],"version-history":[{"count":5,"href":"https:\/\/www.lfild.ma\/ledetroit\/wp-json\/wp\/v2\/pages\/34254\/revisions"}],"predecessor-version":[{"id":34472,"href":"https:\/\/www.lfild.ma\/ledetroit\/wp-json\/wp\/v2\/pages\/34254\/revisions\/34472"}],"wp:attachment":[{"href":"https:\/\/www.lfild.ma\/ledetroit\/wp-json\/wp\/v2\/media?parent=34254"}],"curies":[{"name":"wp","href":"https:\/\/api.w.org\/{rel}","templated":true}]}}