{"id":34192,"date":"2024-12-09T13:51:23","date_gmt":"2024-12-09T13:51:23","guid":{"rendered":"https:\/\/lfild.ma\/ledetroit\/?page_id=34192"},"modified":"2025-01-13T14:07:31","modified_gmt":"2025-01-13T14:07:31","slug":"reglement-interieur-2","status":"publish","type":"page","link":"https:\/\/www.lfild.ma\/ledetroit\/reglement-interieur-2\/","title":{"rendered":"R\u00e8glement int\u00e9rieur"},"content":{"rendered":"\n<div data-wp-interactive=\"core\/file\" class=\"wp-block-file\"><object data-wp-bind--hidden=\"!state.hasPdfPreview\" hidden class=\"wp-block-file__embed\" data=\"https:\/\/www.lfild.ma\/ledetroit\/wp-content\/uploads\/2025\/01\/REGLEMENT-INTERIEUR-SEPTEMBRE-2019.pdf\" type=\"application\/pdf\" style=\"width:100%;height:1200px\" aria-label=\"Contenu embarqu\u00e9 R\u00e8glement int\u00e9rieur.\"><\/object><a id=\"wp-block-file--media-8a0faf56-71ac-4204-b73c-bfacdcf5a727\">R\u00e8glement int\u00e9rieur<\/a><a href=\"https:\/\/www.lfild.ma\/ledetroit\/wp-content\/uploads\/2025\/01\/REGLEMENT-INTERIEUR-SEPTEMBRE-2019.pdf\" class=\"wp-block-file__button wp-element-button\" download aria-describedby=\"wp-block-file--media-8a0faf56-71ac-4204-b73c-bfacdcf5a727\">T\u00e9l\u00e9charger<\/a><\/div>\n","protected":false},"excerpt":{"rendered":"","protected":false},"author":2,"featured_media":0,"parent":0,"menu_order":0,"comment_status":"closed","ping_status":"closed","template":"","meta":{"footnotes":""},"class_list":["post-34192","page","type-page","status-publish","hentry"],"_links":{"self":[{"href":"https:\/\/www.lfild.ma\/ledetroit\/wp-json\/wp\/v2\/pages\/34192","targetHints":{"allow":["GET"]}}],"collection":[{"href":"https:\/\/www.lfild.ma\/ledetroit\/wp-json\/wp\/v2\/pages"}],"about":[{"href":"https:\/\/www.lfild.ma\/ledetroit\/wp-json\/wp\/v2\/types\/page"}],"author":[{"embeddable":true,"href":"https:\/\/www.lfild.ma\/ledetroit\/wp-json\/wp\/v2\/users\/2"}],"replies":[{"embeddable":true,"href":"https:\/\/www.lfild.ma\/ledetroit\/wp-json\/wp\/v2\/comments?post=34192"}],"version-history":[{"count":3,"href":"https:\/\/www.lfild.ma\/ledetroit\/wp-json\/wp\/v2\/pages\/34192\/revisions"}],"predecessor-version":[{"id":34347,"href":"https:\/\/www.lfild.ma\/ledetroit\/wp-json\/wp\/v2\/pages\/34192\/revisions\/34347"}],"wp:attachment":[{"href":"https:\/\/www.lfild.ma\/ledetroit\/wp-json\/wp\/v2\/media?parent=34192"}],"curies":[{"name":"wp","href":"https:\/\/api.w.org\/{rel}","templated":true}]}}