{"id":34188,"date":"2024-12-09T13:49:35","date_gmt":"2024-12-09T13:49:35","guid":{"rendered":"https:\/\/lfild.ma\/ledetroit\/?page_id=34188"},"modified":"2025-01-16T07:23:56","modified_gmt":"2025-01-16T07:23:56","slug":"horaires","status":"publish","type":"page","link":"https:\/\/www.lfild.ma\/ledetroit\/horaires\/","title":{"rendered":"Horaires"},"content":{"rendered":"\n<p class=\"has-text-align-center has-vivid-red-color has-text-color has-link-color wp-elements-29a0a059468c08127121c826f91e476b\"><strong>Les horaires de l\u2019\u00e9cole primaire pour l\u2019ann\u00e9e scolaire 2024\/2025 :<\/strong><\/p>\n\n\n\n<p style=\"font-size:20px\"><br>Les enseignements se d\u00e9roulent en journ\u00e9e continue.<br><strong>Maternelle de la PS \u00e0 la GS :<br><\/strong>Accueil dans la classe \u00e0 partir de 8h15 tous les jours avec un d\u00e9but des cours \u00e0<br>8h25. Chaque \u00e9l\u00e8ve doit \u00eatre accompagn\u00e9 dans sa classe par un adulte.<br>Chaque \u00e9l\u00e8ve est r\u00e9cup\u00e9r\u00e9 dans sa classe par un adulte le lundi, mardi, jeudi et<br>vendredi \u00e0 partir de 13h45.<br>Le mercredi, les \u00e9l\u00e8ves sont r\u00e9cup\u00e9r\u00e9s \u00e0 compter de 11h45, les cours se<br>terminant \u00e0 12h00.<br><strong>CP :<\/strong><br>Accueil dans la classe \u00e0 partir de 8h00 tous les jours avec un d\u00e9but des cours \u00e0<br>8h15. Les \u00e9l\u00e8ves rejoignent seuls leur classe.<br>La sortie des \u00e9l\u00e8ves de CP a lieu \u00e0 14h00 le lundi, mardi, jeudi et vendredi.<br>La sortie s\u2019effectuera \u00e0 12h00 le mercredi.<br>Les \u00e9l\u00e8ves sont r\u00e9cup\u00e9r\u00e9s devant la grille de l\u2019\u00e9cole.<br><strong>CE1, CE2, CM1, CM2 :<\/strong><br>Accueil dans la classe \u00e0 partir de 7h50 tous les jours avec un d\u00e9but des cours \u00e0<br>8h00. Les \u00e9l\u00e8ves rejoignent seuls leur classe.<br>La sortie des \u00e9l\u00e8ves a lieu \u00e0 14h00 le lundi, mardi, jeudi et vendredi.<br>La sortie s\u2019effectuera \u00e0 12h15 le mercredi.<br>Les \u00e9l\u00e8ves sont r\u00e9cup\u00e9r\u00e9s devant la grille de l\u2019\u00e9cole.<\/p>\n","protected":false},"excerpt":{"rendered":"<p>Les horaires de l\u2019\u00e9cole primaire pour l\u2019ann\u00e9e scolaire 2024\/2025 : Les enseignements se d\u00e9roulent en journ\u00e9e continue.Maternelle de la PS \u00e0 la GS :Accueil dans la classe \u00e0 partir de 8h15 tous les jours avec un d\u00e9but des cours \u00e08h25. Chaque \u00e9l\u00e8ve doit \u00eatre accompagn\u00e9 dans sa classe par un adulte.Chaque \u00e9l\u00e8ve est r\u00e9cup\u00e9r\u00e9 dans&#8230;<\/p>\n","protected":false},"author":2,"featured_media":0,"parent":0,"menu_order":0,"comment_status":"closed","ping_status":"closed","template":"","meta":{"footnotes":""},"class_list":["post-34188","page","type-page","status-publish","hentry"],"_links":{"self":[{"href":"https:\/\/www.lfild.ma\/ledetroit\/wp-json\/wp\/v2\/pages\/34188","targetHints":{"allow":["GET"]}}],"collection":[{"href":"https:\/\/www.lfild.ma\/ledetroit\/wp-json\/wp\/v2\/pages"}],"about":[{"href":"https:\/\/www.lfild.ma\/ledetroit\/wp-json\/wp\/v2\/types\/page"}],"author":[{"embeddable":true,"href":"https:\/\/www.lfild.ma\/ledetroit\/wp-json\/wp\/v2\/users\/2"}],"replies":[{"embeddable":true,"href":"https:\/\/www.lfild.ma\/ledetroit\/wp-json\/wp\/v2\/comments?post=34188"}],"version-history":[{"count":2,"href":"https:\/\/www.lfild.ma\/ledetroit\/wp-json\/wp\/v2\/pages\/34188\/revisions"}],"predecessor-version":[{"id":34450,"href":"https:\/\/www.lfild.ma\/ledetroit\/wp-json\/wp\/v2\/pages\/34188\/revisions\/34450"}],"wp:attachment":[{"href":"https:\/\/www.lfild.ma\/ledetroit\/wp-json\/wp\/v2\/media?parent=34188"}],"curies":[{"name":"wp","href":"https:\/\/api.w.org\/{rel}","templated":true}]}}