{"id":34129,"date":"2024-12-09T13:33:14","date_gmt":"2024-12-09T13:33:14","guid":{"rendered":"https:\/\/lfild.ma\/ledetroit\/?page_id=34129"},"modified":"2026-01-19T08:01:56","modified_gmt":"2026-01-19T08:01:56","slug":"projet-detablissement","status":"publish","type":"page","link":"https:\/\/www.lfild.ma\/ledetroit\/projet-detablissement\/","title":{"rendered":"Projet d\u2019\u00e9tablissement"},"content":{"rendered":"\n<div id=\"primary\" class=\"content-area\">\n\t\t<main id=\"main\" class=\"site-main\" role=\"main\"><\/p>\n<article id=\"post-9\" class=\"post-9 page type-page status-publish hentry\">\n<header class=\"entry-header\">\n<h1 class=\"entry-title\">Projet d\u2019\u00e9tablissement<\/h1>\n<\/header>\n<p><!-- .entry-header --><\/p>\n<div class=\"entry-content\">\n<h3><strong>Projet d\u2019\u00e9tablissement&nbsp;<\/strong><strong>2021-2025<\/strong><\/h3>\n<p><span style=\"color: #0000ff;\">Axe 1 : Renforcer la capacit\u00e9 de communication des \u00e9l\u00e8ves.<\/span><br \/><span style=\"color: #0000ff;\"> Axe 2 : Devenir citoyen \u00e9clair\u00e9 du monde.<\/span><br \/><span style=\"color: #0000ff;\"> Axe 3 : D\u00e9velopper le sens civique, l\u2019attitude responsable, l\u2019autonomie.<\/span><\/p>\n<div data-wp-interactive=\"core\/file\" class=\"wp-block-file aligncenter\"><object data-wp-bind--hidden=\"!state.hasPdfPreview\" class=\"wp-block-file__embed\" data=\"https:\/\/www.lfild.ma\/ledetroit\/wp-content\/uploads\/2026\/01\/Projet-d-etablissement-2021-2025.pdf\" type=\"application\/pdf\" style=\"width:100%;height:1040px\" aria-label=\"Contenu embarqu\u00e9 Projet-detablissement-2021-2025.\"><\/object><a id=\"wp-block-file--media-566dfc08-5545-497f-a8d4-ad6eb2898085\" href=\"https:\/\/www.lfild.ma\/ledetroit\/wp-content\/uploads\/2026\/01\/Projet-d-etablissement-2021-2025.pdf\">Projet-detablissement-2021-2025<\/a><a href=\"https:\/\/www.lfild.ma\/ledetroit\/wp-content\/uploads\/2026\/01\/Projet-d-etablissement-2021-2025.pdf\" class=\"wp-block-file__button wp-element-button\" download=\"\" aria-describedby=\"wp-block-file--media-566dfc08-5545-497f-a8d4-ad6eb2898085\">T\u00e9l\u00e9charger<\/a><\/div>\n<\/p>\n<\/div>\n<p><!-- .entry-content --><\/p>\n<footer class=\"entry-footer\">\n\t\t\t<\/footer>\n<p><!-- .entry-footer --><br \/>\n<\/article>\n<p><!-- #post-## --><\/p>\n<p>\t\t<\/main><!-- #main -->\n\t<\/div>\n\n\n","protected":false},"excerpt":{"rendered":"","protected":false},"author":2,"featured_media":0,"parent":0,"menu_order":0,"comment_status":"closed","ping_status":"closed","template":"","meta":{"footnotes":""},"class_list":["post-34129","page","type-page","status-publish","hentry"],"_links":{"self":[{"href":"https:\/\/www.lfild.ma\/ledetroit\/wp-json\/wp\/v2\/pages\/34129","targetHints":{"allow":["GET"]}}],"collection":[{"href":"https:\/\/www.lfild.ma\/ledetroit\/wp-json\/wp\/v2\/pages"}],"about":[{"href":"https:\/\/www.lfild.ma\/ledetroit\/wp-json\/wp\/v2\/types\/page"}],"author":[{"embeddable":true,"href":"https:\/\/www.lfild.ma\/ledetroit\/wp-json\/wp\/v2\/users\/2"}],"replies":[{"embeddable":true,"href":"https:\/\/www.lfild.ma\/ledetroit\/wp-json\/wp\/v2\/comments?post=34129"}],"version-history":[{"count":3,"href":"https:\/\/www.lfild.ma\/ledetroit\/wp-json\/wp\/v2\/pages\/34129\/revisions"}],"predecessor-version":[{"id":34722,"href":"https:\/\/www.lfild.ma\/ledetroit\/wp-json\/wp\/v2\/pages\/34129\/revisions\/34722"}],"wp:attachment":[{"href":"https:\/\/www.lfild.ma\/ledetroit\/wp-json\/wp\/v2\/media?parent=34129"}],"curies":[{"name":"wp","href":"https:\/\/api.w.org\/{rel}","templated":true}]}}