{"id":34127,"date":"2024-12-09T13:32:50","date_gmt":"2024-12-09T13:32:50","guid":{"rendered":"https:\/\/lfild.ma\/ledetroit\/?page_id=34127"},"modified":"2024-12-09T16:32:31","modified_gmt":"2024-12-09T16:32:31","slug":"mot-du-proviseur","status":"publish","type":"page","link":"https:\/\/www.lfild.ma\/ledetroit\/mot-du-proviseur\/","title":{"rendered":"Mot du proviseur"},"content":{"rendered":"<div id=\"primary\" class=\"content-area\">\n\t\t<main id=\"main\" class=\"site-main\" role=\"main\"><\/p>\n<article id=\"post-1172\" class=\"post-1172 page type-page status-publish hentry\">\n<header class=\"entry-header\">\n<h1 class=\"entry-title\">Mot du proviseur<\/h1>\n<\/header>\n<p><!-- .entry-header --><\/p>\n<div class=\"entry-content\">\n<p>Etablissement d\u2019enseignement fran\u00e7ais du r\u00e9seau OSUI depuis 2010, le Groupe Scolaire Le D\u00e9troit accueille dans un cadre moderne et confortable, plus de 900 \u00e9l\u00e8ves de la petite section de maternelle \u00e0 la terminale.<\/p>\n<p>Appartenir \u00e0 ce prestigieux r\u00e9seau &nbsp;(l\u2019OSUI scolarise &nbsp;10000 \u00e9l\u00e8ves r\u00e9partis dans 9 \u00e9tablissements du nord au sud du Maroc), c\u2019est adh\u00e9rer \u00e0 ses valeurs fondamentales mais c\u2019est surtout s\u2019engager \u00e0 mettre en \u0153uvre un projet p\u00e9dagogique interculturel, plurilingue et humaniste commun.<\/p>\n<p>Notre \u00e9cole, enti\u00e8rement homologu\u00e9e, \u0153uvre ainsi&nbsp; pour une r\u00e9ussite ancr\u00e9e sur un plurilinguisme pr\u00e9coce (fran\u00e7ais\/arabe\/anglais d\u00e8s la maternelle) mais aussi sur une polyvalence et une solide culture.<\/p>\n<p>Ce projet \u00e9ducatif original en ad\u00e9quation avec les attentes des familles repose sur des objectifs&nbsp; ambitieux&nbsp; con\u00e7us autour de l\u2019\u00e9l\u00e8ve, avec lui et pour lui permettre de&nbsp; construire&nbsp; sa capacit\u00e9 de communication,&nbsp; son&nbsp; aptitude au sens critique, son autonomie et une citoyennet\u00e9 responsable.<\/p>\n<p>Je vous invite \u00e0 d\u00e9couvrir notre \u00e9tablissement sur ce site. Vous y trouverez toutes les informations utiles sur nos enseignements et nos activit\u00e9s.<\/p>\n<p>Eric POREE<\/p>\n<p>Proviseur<\/p>\n<\/p><\/div>\n<p><!-- .entry-content --><\/p>\n<footer class=\"entry-footer\">\n\t\t\t<\/footer>\n<p><!-- .entry-footer --><br \/>\n<\/article>\n<p><!-- #post-## --><\/p>\n<p>\t\t<\/main><!-- #main -->\n\t<\/div>\n","protected":false},"excerpt":{"rendered":"<p>Mot du proviseur Etablissement d\u2019enseignement fran\u00e7ais du r\u00e9seau OSUI depuis 2010, le Groupe Scolaire Le D\u00e9troit accueille dans un cadre moderne et confortable, plus de 900 \u00e9l\u00e8ves de la petite section de maternelle \u00e0 la terminale. Appartenir \u00e0 ce prestigieux r\u00e9seau &nbsp;(l\u2019OSUI scolarise &nbsp;10000 \u00e9l\u00e8ves r\u00e9partis dans 9 \u00e9tablissements du nord au sud du Maroc),&#8230;<\/p>\n","protected":false},"author":2,"featured_media":0,"parent":0,"menu_order":0,"comment_status":"closed","ping_status":"closed","template":"","meta":{"footnotes":""},"class_list":["post-34127","page","type-page","status-publish","hentry"],"_links":{"self":[{"href":"https:\/\/www.lfild.ma\/ledetroit\/wp-json\/wp\/v2\/pages\/34127","targetHints":{"allow":["GET"]}}],"collection":[{"href":"https:\/\/www.lfild.ma\/ledetroit\/wp-json\/wp\/v2\/pages"}],"about":[{"href":"https:\/\/www.lfild.ma\/ledetroit\/wp-json\/wp\/v2\/types\/page"}],"author":[{"embeddable":true,"href":"https:\/\/www.lfild.ma\/ledetroit\/wp-json\/wp\/v2\/users\/2"}],"replies":[{"embeddable":true,"href":"https:\/\/www.lfild.ma\/ledetroit\/wp-json\/wp\/v2\/comments?post=34127"}],"version-history":[{"count":3,"href":"https:\/\/www.lfild.ma\/ledetroit\/wp-json\/wp\/v2\/pages\/34127\/revisions"}],"predecessor-version":[{"id":34250,"href":"https:\/\/www.lfild.ma\/ledetroit\/wp-json\/wp\/v2\/pages\/34127\/revisions\/34250"}],"wp:attachment":[{"href":"https:\/\/www.lfild.ma\/ledetroit\/wp-json\/wp\/v2\/media?parent=34127"}],"curies":[{"name":"wp","href":"https:\/\/api.w.org\/{rel}","templated":true}]}}